{"id":52894,"date":"2025-12-28T10:55:28","date_gmt":"2025-12-28T09:55:28","guid":{"rendered":"https:\/\/matulamatula.com\/?page_id=52894"},"modified":"2025-12-28T10:55:28","modified_gmt":"2025-12-28T09:55:28","slug":"mediacion","status":"publish","type":"page","link":"https:\/\/matulamatula.com\/es\/mediacion\/","title":{"rendered":"Mediaci\u00f3n"},"content":{"rendered":"<div class=\"wpb-content-wrapper\"><p>[vc_row][vc_column][vc_column_text css=\u00bb\u00bb]<\/p>\n<h1>Mediaci\u00f3n<\/h1>\n<p>[\/vc_column_text][vc_separator][\/vc_column][\/vc_row][vc_row][vc_column width=\u00bb1\/2&#8243; css=\u00bb.vc_custom_1689771938973{margin-bottom: 0px !important;}\u00bb][vc_column_text css=\u00bb\u00bb]<\/p>\n<h4><strong>Mediaci\u00f3n profesional<\/strong><\/h4>\n<p>[\/vc_column_text][\/vc_column][vc_column width=\u00bb1\/2&#8243; css=\u00bb.vc_custom_1689771971221{margin-top: 0px !important;}\u00bb][vc_column_text css=\u00bb\u00bb]<strong>Nuestra firma ofrece asistencia integral en el campo de la mediaci\u00f3n, adaptada a las necesidades individuales de nuestros clientes. <\/strong><\/p>\n<p>Ofrecemos mediaci\u00f3n en diversas modalidades: tradicional, en l\u00ednea y por correspondencia, lo que permite ajustar el proceso de mediaci\u00f3n a la situaci\u00f3n y las preferencias de las partes involucradas, garantizando comodidad y efectividad.<\/p>\n<p>La mediaci\u00f3n es una alternativa eficaz a los procedimientos judiciales, ofreciendo soluciones m\u00e1s r\u00e1pidas, menos formales y m\u00e1s satisfactorias para resolver conflictos.<\/p>\n<p>Abordamos una amplia gama de casos, como mediaciones entre socios, asuntos patrimoniales y sucesorios, as\u00ed como mediaciones en disputas sobre cr\u00e9ditos problem\u00e1ticos o conflictos empresariales.[\/vc_column_text][\/vc_column][\/vc_row][vc_row][vc_column][vc_separator][\/vc_column][\/vc_row][vc_row][vc_column width=\u00bb1\/2&#8243; css=\u00bb.vc_custom_1689771938973{margin-bottom: 0px !important;}\u00bb][vc_column_text css=\u00bb\u00bb]<\/p>\n<h4><strong>El papel del mediador profesional<\/strong><\/h4>\n<p>[\/vc_column_text][\/vc_column][vc_column width=\u00bb1\/2&#8243; css=\u00bb.vc_custom_1689771971221{margin-top: 0px !important;}\u00bb][vc_column_text css=\u00bb\u00bb]La mediaci\u00f3n profesional es fundamental para lograr un acuerdo efectivo.<\/p>\n<p>Nuestros abogados tienen experiencia en gestionar situaciones delicadas y complejas, lo que garantiza que las partes tengan la confianza y la seguridad necesarias durante el proceso de mediaci\u00f3n.<\/p>\n<p>Los mediadores, como figuras neutrales, ayudan a las partes a buscar compromisos, resolviendo los problemas de manera amistosa y en beneficio de todos los involucrados.<\/p>\n<p>La profesionalidad del mediador eleva la calidad del proceso y contribuye a su \u00e9xito, haciendo de la mediaci\u00f3n una herramienta efectiva para resolver disputas, incluso las m\u00e1s complejas.[\/vc_column_text][\/vc_column][\/vc_row][vc_row][vc_column][vc_separator][\/vc_column][\/vc_row][vc_row][vc_column width=\u00bb1\/2&#8243; css=\u00bb.vc_custom_1689771938973{margin-bottom: 0px !important;}\u00bb][vc_column_text css=\u00bb\u00bb]<\/p>\n<h4><strong>Mediaci\u00f3n judicial e internacional<\/strong><\/h4>\n<p>[\/vc_column_text][\/vc_column][vc_column width=\u00bb1\/2&#8243; css=\u00bb.vc_custom_1689771971221{margin-top: 0px !important;}\u00bb][vc_column_text css=\u00bb\u00bb]Tambi\u00e9n ofrecemos mediaci\u00f3n judicial, internacional y arbitraje, lo que permite realizar mediaciones en el marco de procedimientos judiciales o a nivel internacional, conforme a las normas legales vigentes.<\/p>\n<p>Como abogados, ofrecemos el m\u00e1s alto nivel de apoyo, garantizando total confidencialidad, profesionalismo y eficacia.<\/p>\n<p>Gracias a nuestros servicios de mediaci\u00f3n, nuestros clientes pueden evitar procesos judiciales costosos y largos, alcanzando acuerdos satisfactorios sin la necesidad de prolongados litigios judiciales.[\/vc_column_text][lab_button title=\u00bbCont\u00e1ctenos\u00bb type=\u00bbstandard\u00bb link=\u00bburl:https%3A%2F%2Fmatulamatula.com%2Fes%2Fcontacto%2F|title:Cont%C3%A1ctenos\u00bb][\/vc_column][\/vc_row][vc_row][vc_column][vc_column_text][\/vc_column_text][\/vc_column][\/vc_row][vc_row][vc_column][vc_column_text][\/vc_column_text][\/vc_column][\/vc_row]<\/p>\n<\/div>","protected":false},"excerpt":{"rendered":"<p>[vc_row][vc_column][vc_column_text css=\u00bb\u00bb] Mediaci\u00f3n [\/vc_column_text][vc_separator][\/vc_column][\/vc_row][vc_row][vc_column width=\u00bb1\/2&#8243; css=\u00bb.vc_custom_1689771938973{margin-bottom: 0px !important;}\u00bb][vc_column_text css=\u00bb\u00bb] Mediaci\u00f3n profesional [\/vc_column_text][\/vc_column][vc_column width=\u00bb1\/2&#8243; css=\u00bb.vc_custom_1689771971221{margin-top: 0px !important;}\u00bb][vc_column_text css=\u00bb\u00bb]Nuestra firma ofrece asistencia integral en el campo de la mediaci\u00f3n, adaptada a las necesidades individuales de nuestros clientes. Ofrecemos mediaci\u00f3n en diversas modalidades: tradicional, en l\u00ednea y por correspondencia, lo que permite ajustar el proceso de mediaci\u00f3n a&hellip;<\/p>\n","protected":false},"author":1,"featured_media":0,"parent":0,"menu_order":0,"comment_status":"closed","ping_status":"closed","template":"","meta":{"_acf_changed":false,"footnotes":""},"class_list":["post-52894","page","type-page","status-publish","hentry"],"acf":[],"_links":{"self":[{"href":"https:\/\/matulamatula.com\/es\/wp-json\/wp\/v2\/pages\/52894","targetHints":{"allow":["GET"]}}],"collection":[{"href":"https:\/\/matulamatula.com\/es\/wp-json\/wp\/v2\/pages"}],"about":[{"href":"https:\/\/matulamatula.com\/es\/wp-json\/wp\/v2\/types\/page"}],"author":[{"embeddable":true,"href":"https:\/\/matulamatula.com\/es\/wp-json\/wp\/v2\/users\/1"}],"replies":[{"embeddable":true,"href":"https:\/\/matulamatula.com\/es\/wp-json\/wp\/v2\/comments?post=52894"}],"version-history":[{"count":1,"href":"https:\/\/matulamatula.com\/es\/wp-json\/wp\/v2\/pages\/52894\/revisions"}],"predecessor-version":[{"id":52895,"href":"https:\/\/matulamatula.com\/es\/wp-json\/wp\/v2\/pages\/52894\/revisions\/52895"}],"wp:attachment":[{"href":"https:\/\/matulamatula.com\/es\/wp-json\/wp\/v2\/media?parent=52894"}],"curies":[{"name":"wp","href":"https:\/\/api.w.org\/{rel}","templated":true}]}}