{"id":52251,"date":"2025-03-01T13:49:56","date_gmt":"2025-03-01T12:49:56","guid":{"rendered":"https:\/\/matulamatula.com\/?page_id=52251"},"modified":"2025-03-01T13:51:39","modified_gmt":"2025-03-01T12:51:39","slug":"spanish-desk","status":"publish","type":"page","link":"https:\/\/matulamatula.com\/es\/spanish-desk\/","title":{"rendered":"Spanish Desk"},"content":{"rendered":"<div class=\"wpb-content-wrapper\"><p>[vc_row][vc_column][vc_column_text css=\u00bb\u00bb]<\/p>\n<h1>Spanish Desk<\/h1>\n<p>[\/vc_column_text][vc_separator][\/vc_column][\/vc_row][vc_row][vc_column width=\u00bb1\/2&#8243; css=\u00bb.vc_custom_1689771938973{margin-bottom: 0px !important;}\u00bb][vc_column_text css=\u00bb\u00bb]<\/p>\n<h4><strong>Asesoramiento y representaci\u00f3n<\/strong><\/h4>\n<p>[\/vc_column_text][\/vc_column][vc_column width=\u00bb1\/2&#8243; css=\u00bb.vc_custom_1689771971221{margin-top: 0px !important;}\u00bb][vc_column_text css=\u00bb\u00bb]<\/p>\n<p data-start=\"34\" data-end=\"638\"><strong>En nuestra firma, ofrecemos un servicio especializado denominado Spanish Desk en Polonia, dirigido a clientes tanto empresariales como particulares que requieren asesor\u00eda jur\u00eddica en idioma espa\u00f1ol. <\/strong><\/p>\n<p data-start=\"34\" data-end=\"638\">Nuestro compromiso es proporcionar soluciones legales integrales, adaptadas a las necesidades espec\u00edficas de cada cliente y fundamentadas en un profundo conocimiento del marco jur\u00eddico polaco e internacional.<\/p>\n<p data-start=\"34\" data-end=\"638\">Contamos con un equipo de abogados altamente cualificados y con amplia experiencia en el \u00e1mbito legal, lo que nos permite ofrecer un servicio profesional, riguroso y de total confidencialidad.<\/p>\n<p data-start=\"640\" data-end=\"879\">Nuestra misi\u00f3n es facilitar el acceso a la justicia y asesoramiento legal de excelencia para la comunidad hispanohablante en Polonia, garantizando un acompa\u00f1amiento cercano y personalizado en todas las etapas de sus procedimientos legales.<\/p>\n<p>[\/vc_column_text][vc_empty_space][\/vc_column][\/vc_row][vc_row][vc_column][vc_separator][\/vc_column][\/vc_row][vc_row][vc_column width=\u00bb1\/2&#8243; css=\u00bb.vc_custom_1689771938973{margin-bottom: 0px !important;}\u00bb][vc_column_text css=\u00bb\u00bb]<\/p>\n<h4><strong>\u00c1reas seleccionadas<\/strong><\/h4>\n<p>[\/vc_column_text][\/vc_column][vc_column width=\u00bb1\/2&#8243; css=\u00bb.vc_custom_1689771971221{margin-top: 0px !important;}\u00bb][vc_column_text css=\u00bb\u00bb]<\/p>\n<p data-start=\"923\" data-end=\"1026\">Dentro del Spanish Desk, brindamos asesoramiento en diversas \u00e1reas del derecho, entre las que destacan:<\/p>\n<ul data-start=\"1028\" data-end=\"1861\">\n<li data-start=\"1028\" data-end=\"1208\"><strong data-start=\"1030\" data-end=\"1054\">Derecho empresarial:<\/strong> asesoramos en la constituci\u00f3n, gesti\u00f3n y transformaci\u00f3n de empresas, as\u00ed como en la resoluci\u00f3n de conflictos comerciales y la elaboraci\u00f3n de contratos.<\/li>\n<li data-start=\"1209\" data-end=\"1418\"><strong data-start=\"1211\" data-end=\"1234\">Derecho societario:<\/strong> ofrecemos asistencia integral en la estructuraci\u00f3n, reorganizaci\u00f3n y disoluci\u00f3n de sociedades, garantizando el cumplimiento normativo y la protecci\u00f3n de los intereses de los socios.<\/li>\n<li data-start=\"1419\" data-end=\"1645\"><strong data-start=\"1421\" data-end=\"1443\">Derecho sucesorio:<\/strong> proporcionamos orientaci\u00f3n en materia de planificaci\u00f3n patrimonial, redacci\u00f3n de testamentos, procesos de herencia y liquidaci\u00f3n de bienes, asegurando la transmisi\u00f3n ordenada y eficaz del patrimonio.<\/li>\n<li data-start=\"1646\" data-end=\"1861\"><strong data-start=\"1648\" data-end=\"1678\">Procedimientos judiciales:<\/strong> representamos y defendemos los intereses de nuestros clientes en litigios, mediaciones y arbitrajes, con un enfoque estrat\u00e9gico orientado a la resoluci\u00f3n favorable de los conflictos.<\/li>\n<\/ul>\n<p data-start=\"1863\" data-end=\"2179\" data-is-last-node=\"\" data-is-only-node=\"\">Con un enfoque multidisciplinario y una s\u00f3lida base jur\u00eddica, nuestra firma se posiciona como su aliado de confianza en el entorno legal de Polonia.<\/p>\n<p data-start=\"1863\" data-end=\"2179\" data-is-last-node=\"\" data-is-only-node=\"\">Estamos comprometidos a ofrecer soluciones jur\u00eddicas que impulsen el crecimiento y la seguridad de sus actividades, tanto en el \u00e1mbito empresarial como en el personal.<\/p>\n<p>[\/vc_column_text][lab_button title=\u00bbCont\u00e1ctenos\u00bb type=\u00bbstandard\u00bb link=\u00bburl:https%3A%2F%2Fmatulamatula.com%2Fes%2Fcontacto%2F|title:Cont%C3%A1ctenos\u00bb][\/vc_column][\/vc_row][vc_row][vc_column][vc_column_text][\/vc_column_text][\/vc_column][\/vc_row][vc_row][vc_column][vc_column_text][\/vc_column_text][\/vc_column][\/vc_row]<\/p>\n<\/div>","protected":false},"excerpt":{"rendered":"<p>[vc_row][vc_column][vc_column_text css=\u00bb\u00bb] Spanish Desk [\/vc_column_text][vc_separator][\/vc_column][\/vc_row][vc_row][vc_column width=\u00bb1\/2&#8243; css=\u00bb.vc_custom_1689771938973{margin-bottom: 0px !important;}\u00bb][vc_column_text css=\u00bb\u00bb] Asesoramiento y representaci\u00f3n [\/vc_column_text][\/vc_column][vc_column width=\u00bb1\/2&#8243; css=\u00bb.vc_custom_1689771971221{margin-top: 0px !important;}\u00bb][vc_column_text css=\u00bb\u00bb] En nuestra firma, ofrecemos un servicio especializado denominado Spanish Desk en Polonia, dirigido a clientes tanto empresariales como particulares que requieren asesor\u00eda jur\u00eddica en idioma espa\u00f1ol. Nuestro compromiso es proporcionar soluciones legales integrales, adaptadas a las&hellip;<\/p>\n","protected":false},"author":1,"featured_media":0,"parent":0,"menu_order":0,"comment_status":"closed","ping_status":"closed","template":"","meta":{"_acf_changed":false,"footnotes":""},"class_list":["post-52251","page","type-page","status-publish","hentry"],"acf":[],"_links":{"self":[{"href":"https:\/\/matulamatula.com\/es\/wp-json\/wp\/v2\/pages\/52251","targetHints":{"allow":["GET"]}}],"collection":[{"href":"https:\/\/matulamatula.com\/es\/wp-json\/wp\/v2\/pages"}],"about":[{"href":"https:\/\/matulamatula.com\/es\/wp-json\/wp\/v2\/types\/page"}],"author":[{"embeddable":true,"href":"https:\/\/matulamatula.com\/es\/wp-json\/wp\/v2\/users\/1"}],"replies":[{"embeddable":true,"href":"https:\/\/matulamatula.com\/es\/wp-json\/wp\/v2\/comments?post=52251"}],"version-history":[{"count":1,"href":"https:\/\/matulamatula.com\/es\/wp-json\/wp\/v2\/pages\/52251\/revisions"}],"predecessor-version":[{"id":52252,"href":"https:\/\/matulamatula.com\/es\/wp-json\/wp\/v2\/pages\/52251\/revisions\/52252"}],"wp:attachment":[{"href":"https:\/\/matulamatula.com\/es\/wp-json\/wp\/v2\/media?parent=52251"}],"curies":[{"name":"wp","href":"https:\/\/api.w.org\/{rel}","templated":true}]}}