{"id":52240,"date":"2025-03-01T13:22:27","date_gmt":"2025-03-01T12:22:27","guid":{"rendered":"https:\/\/matulamatula.com\/?page_id=52240"},"modified":"2025-03-01T13:23:31","modified_gmt":"2025-03-01T12:23:31","slug":"gestion-de-impagados-recuperacion-de-deudas","status":"publish","type":"page","link":"https:\/\/matulamatula.com\/es\/gestion-de-impagados-recuperacion-de-deudas\/","title":{"rendered":"Gesti\u00f3n de impagados y recuperaci\u00f3n de deudas"},"content":{"rendered":"<div class=\"wpb-content-wrapper\"><p>[vc_row][vc_column][vc_column_text css=\u00bb\u00bb]<\/p>\n<h1>Gesti\u00f3n de impagados y recuperaci\u00f3n de deudas<\/h1>\n<p>[\/vc_column_text][vc_separator][\/vc_column][\/vc_row][vc_row][vc_column width=\u00bb1\/2&#8243; css=\u00bb.vc_custom_1689771938973{margin-bottom: 0px !important;}\u00bb][vc_column_text css=\u00bb\u00bb]<\/p>\n<h4><strong>Gesti\u00f3n de cr\u00e9ditos<\/strong><\/h4>\n<p>[\/vc_column_text][\/vc_column][vc_column width=\u00bb1\/2&#8243; css=\u00bb.vc_custom_1689771971221{margin-top: 0px !important;}\u00bb][vc_column_text css=\u00bb\u00bb]<strong>Nuestra especializaci\u00f3n abarca la recuperaci\u00f3n de deudas. Contamos con amplia experiencia en la gesti\u00f3n de carteras de cr\u00e9ditos de diversos valores, pertenecientes a empresas e instituciones de distintos sectores e industrias, incluyendo bancos, compa\u00f1\u00edas del sector automotriz y aseguradoras.<\/strong><\/p>\n<p>Nos ocupamos de la recuperaci\u00f3n de cr\u00e9ditos de diversa \u00edndole y que pueden dar lugar a diferentes procedimientos judiciales, tanto en deudas de alto como de bajo valor.<\/p>\n<p>Representamos a nuestros clientes en cada etapa: tanto en la fase de procedimientos extrajudiciales (previos al litigio) y negociaciones con el deudor, como en la fase de litigio, y durante el proceso de ejecuci\u00f3n.[\/vc_column_text][vc_single_image image=\u00bb50957&#8243; img_size=\u00bbfull\u00bb css=\u00bb\u00bb][\/vc_column][\/vc_row][vc_row][vc_column][vc_separator][\/vc_column][\/vc_row][vc_row][vc_column width=\u00bb1\/2&#8243; css=\u00bb.vc_custom_1689771938973{margin-bottom: 0px !important;}\u00bb][vc_column_text css=\u00bb\u00bb]<\/p>\n<h4><strong>Apoyo en cada etapa<\/strong><\/h4>\n<p>[\/vc_column_text][\/vc_column][vc_column width=\u00bb1\/2&#8243; css=\u00bb.vc_custom_1689771971221{margin-top: 0px !important;}\u00bb][vc_column_text css=\u00bb\u00bb]<\/p>\n<p data-start=\"743\" data-end=\"789\">Brindamos soporte a las empresas en cada fase:<\/p>\n<p data-start=\"791\" data-end=\"933\"><strong data-start=\"791\" data-end=\"827\">Prevenci\u00f3n y monitoreo de pagos<\/strong><\/p>\n<p data-start=\"791\" data-end=\"933\">El objetivo de esta etapa es reducir la morosidad y mejorar el balance financiero actual de su empresa.<\/p>\n<p data-start=\"935\" data-end=\"1146\"><strong data-start=\"935\" data-end=\"958\">Fase extrajudicial<\/strong><\/p>\n<p data-start=\"935\" data-end=\"1146\">Nuestra firma intentar\u00e1 negociar condiciones de pago voluntarias, con la posibilidad de establecer un nuevo calendario de pagos o, de acuerdo con sus instrucciones, llegar a un acuerdo.<\/p>\n<p data-start=\"1148\" data-end=\"1281\"><strong data-start=\"1148\" data-end=\"1166\">Fase judicial<\/strong><\/p>\n<p data-start=\"1148\" data-end=\"1281\">Interponemos demandas de reclamaci\u00f3n de deudas y representamos a nuestros clientes en procedimientos judiciales.<\/p>\n<p data-start=\"1283\" data-end=\"1434\" data-is-last-node=\"\" data-is-only-node=\"\"><strong data-start=\"1283\" data-end=\"1302\">Fase ejecutiva<\/strong><\/p>\n<p data-start=\"1283\" data-end=\"1434\" data-is-last-node=\"\" data-is-only-node=\"\">Nuestra firma, en nombre del cliente, presenta la solicitud de inicio de ejecuci\u00f3n y lo representa en el procedimiento ejecutivo.<\/p>\n<p>[\/vc_column_text][lab_button title=\u00bbCont\u00e1ctenos\u00bb type=\u00bbstandard\u00bb link=\u00bburl:https%3A%2F%2Fmatulamatula.com%2Fes%2Fcontacto%2F|title:Cont%C3%A1ctenos\u00bb][\/vc_column][\/vc_row][vc_row][vc_column][vc_column_text][\/vc_column_text][\/vc_column][\/vc_row][vc_row][vc_column][vc_column_text][\/vc_column_text][\/vc_column][\/vc_row]<\/p>\n<\/div>","protected":false},"excerpt":{"rendered":"<p>[vc_row][vc_column][vc_column_text css=\u00bb\u00bb] Gesti\u00f3n de impagados y recuperaci\u00f3n de deudas [\/vc_column_text][vc_separator][\/vc_column][\/vc_row][vc_row][vc_column width=\u00bb1\/2&#8243; css=\u00bb.vc_custom_1689771938973{margin-bottom: 0px !important;}\u00bb][vc_column_text css=\u00bb\u00bb] Gesti\u00f3n de cr\u00e9ditos [\/vc_column_text][\/vc_column][vc_column width=\u00bb1\/2&#8243; css=\u00bb.vc_custom_1689771971221{margin-top: 0px !important;}\u00bb][vc_column_text css=\u00bb\u00bb]Nuestra especializaci\u00f3n abarca la recuperaci\u00f3n de deudas. Contamos con amplia experiencia en la gesti\u00f3n de carteras de cr\u00e9ditos de diversos valores, pertenecientes a empresas e instituciones de distintos sectores e industrias, incluyendo&hellip;<\/p>\n","protected":false},"author":1,"featured_media":0,"parent":0,"menu_order":0,"comment_status":"closed","ping_status":"closed","template":"","meta":{"_acf_changed":false,"footnotes":""},"class_list":["post-52240","page","type-page","status-publish","hentry"],"acf":[],"_links":{"self":[{"href":"https:\/\/matulamatula.com\/es\/wp-json\/wp\/v2\/pages\/52240","targetHints":{"allow":["GET"]}}],"collection":[{"href":"https:\/\/matulamatula.com\/es\/wp-json\/wp\/v2\/pages"}],"about":[{"href":"https:\/\/matulamatula.com\/es\/wp-json\/wp\/v2\/types\/page"}],"author":[{"embeddable":true,"href":"https:\/\/matulamatula.com\/es\/wp-json\/wp\/v2\/users\/1"}],"replies":[{"embeddable":true,"href":"https:\/\/matulamatula.com\/es\/wp-json\/wp\/v2\/comments?post=52240"}],"version-history":[{"count":3,"href":"https:\/\/matulamatula.com\/es\/wp-json\/wp\/v2\/pages\/52240\/revisions"}],"predecessor-version":[{"id":52243,"href":"https:\/\/matulamatula.com\/es\/wp-json\/wp\/v2\/pages\/52240\/revisions\/52243"}],"wp:attachment":[{"href":"https:\/\/matulamatula.com\/es\/wp-json\/wp\/v2\/media?parent=52240"}],"curies":[{"name":"wp","href":"https:\/\/api.w.org\/{rel}","templated":true}]}}