{"id":52236,"date":"2025-03-01T13:12:07","date_gmt":"2025-03-01T12:12:07","guid":{"rendered":"https:\/\/matulamatula.com\/?page_id=52236"},"modified":"2025-03-01T13:12:31","modified_gmt":"2025-03-01T12:12:31","slug":"telecomunicaciones","status":"publish","type":"page","link":"https:\/\/matulamatula.com\/es\/telecomunicaciones\/","title":{"rendered":"Telecomunicaciones"},"content":{"rendered":"<div class=\"wpb-content-wrapper\"><p>[vc_row][vc_column][vc_column_text css=\u00bb\u00bb]<\/p>\n<h1>Telecomunicaciones y comunicaciones electr\u00f3nicas<\/h1>\n<p>[\/vc_column_text][vc_separator][\/vc_column][\/vc_row][vc_row][vc_column width=\u00bb1\/2&#8243; css=\u00bb.vc_custom_1689771938973{margin-bottom: 0px !important;}\u00bb][vc_column_text css=\u00bb\u00bb]<\/p>\n<h4><strong>Soporte integral<\/strong><\/h4>\n<p>[\/vc_column_text][\/vc_column][vc_column width=\u00bb1\/2&#8243; css=\u00bb.vc_custom_1689771971221{margin-top: 0px !important;}\u00bb][vc_column_text css=\u00bb\u00bb]<strong>Contamos con una amplia experiencia en la atenci\u00f3n jur\u00eddica y regulatoria de operadores de telecomunicaciones y otras empresas del sector. <\/strong><\/p>\n<p>Nuestra experiencia abarca todos los aspectos jur\u00eddicos y regulatorios de las entidades en el mercado de las telecomunicaciones y de la comunicaci\u00f3n electr\u00f3nica.[\/vc_column_text][vc_single_image image=\u00bb51704&#8243; img_size=\u00bbfull\u00bb css=\u00bb\u00bb][\/vc_column][\/vc_row][vc_row][vc_column][vc_separator][\/vc_column][\/vc_row][vc_row][vc_column width=\u00bb1\/2&#8243; css=\u00bb.vc_custom_1689771938973{margin-bottom: 0px !important;}\u00bb][vc_column_text css=\u00bb\u00bb]<\/p>\n<h4><strong>\u00c1reas seleccionadas<\/strong><\/h4>\n<p>[\/vc_column_text][\/vc_column][vc_column width=\u00bb1\/2&#8243; css=\u00bb.vc_custom_1689771971221{margin-top: 0px !important;}\u00bb][vc_column_text css=\u00bb\u00bb]Nuestro soporte y asesoramiento incluyen, entre otros:<\/p>\n<ul>\n<li>Atenci\u00f3n corporativa de empresas y de sus \u00f3rganos.<\/li>\n<li>Transformaciones societarias.<\/li>\n<li>Monitoreo continuo del entorno jur\u00eddico de la empresa en el \u00e1mbito del derecho de las telecomunicaciones y de la comunicaci\u00f3n electr\u00f3nica.<\/li>\n<li>Elaboraci\u00f3n y revisi\u00f3n de proyectos de reglamentos para la prestaci\u00f3n de servicios, promociones, modelos de contratos, concursos y loter\u00edas.<\/li>\n<li>Gesti\u00f3n de procesos de reclamaci\u00f3n.<\/li>\n<li>Redacci\u00f3n y evaluaci\u00f3n de borradores de documentos en la atenci\u00f3n a suscriptores.<\/li>\n<li>Asesor\u00eda regulatoria.<\/li>\n<li>Atenci\u00f3n jur\u00eddica de actividades de venta y posventa, as\u00ed como de la relaci\u00f3n con clientes.<\/li>\n<li>Seguridad y protecci\u00f3n de datos personales.<\/li>\n<li>Apoyo jur\u00eddico en el desarrollo de nuevos proyectos.<\/li>\n<li>Gesti\u00f3n y administraci\u00f3n de procesos de cobro de deudas y procedimientos concursales.<\/li>\n<li>Representaci\u00f3n ante organismos reguladores, incluidos UKE, UOKiK y KNF.<\/li>\n<li>Asesor\u00eda legal en litigios relacionados con la actividad de la empresa, incluyendo aquellos tramitados ante el tribunal arbitral presidido por el Presidente de la UKE.<\/li>\n<\/ul>\n<p>[\/vc_column_text][\/vc_column][\/vc_row][vc_row][vc_column][vc_separator][\/vc_column][\/vc_row][vc_row][vc_column width=\u00bb1\/2&#8243; css=\u00bb.vc_custom_1689771938973{margin-bottom: 0px !important;}\u00bb][vc_column_text css=\u00bb\u00bb]<\/p>\n<h4><strong>Ley de Comunicaci\u00f3n Electr\u00f3nica<\/strong><\/h4>\n<p>[\/vc_column_text][\/vc_column][vc_column width=\u00bb1\/2&#8243; css=\u00bb.vc_custom_1689771971221{margin-top: 0px !important;}\u00bb][vc_column_text css=\u00bb\u00bb]<\/p>\n<p data-start=\"1474\" data-end=\"2161\"><strong>La legislaci\u00f3n en materia de telecomunicaciones ha sido reemplazada por la ley de comunicaci\u00f3n electr\u00f3nica (PKE), que ha implementado las directivas europeas 2000\/31\/CE sobre comercio electr\u00f3nico y 2018\/1972, estableciendo el C\u00f3digo Europeo de Comunicaciones Electr\u00f3nicas.<\/strong><\/p>\n<p data-start=\"1474\" data-end=\"2161\">PKE regula de manera integral la actividad de comunicaci\u00f3n electr\u00f3nica en su acepci\u00f3n m\u00e1s amplia, abarcando tanto la actividad de telecomunicaciones como la prestaci\u00f3n de servicios de comunicaci\u00f3n interpersonal de acceso p\u00fablico que no utilizan n\u00fameros, as\u00ed como los derechos y obligaciones de los empresarios de comunicaci\u00f3n electr\u00f3nica y de los usuarios finales.<\/p>\n<p data-start=\"2163\" data-end=\"2577\" data-is-last-node=\"\" data-is-only-node=\"\">Podemos ayudar en:<\/p>\n<ul>\n<li data-start=\"2163\" data-end=\"2577\">Implementaci\u00f3n de la PKE y la adaptaci\u00f3n de las empresas a las obligaciones y regulaciones, incluyendo la actualizaci\u00f3n de procesos empresariales, pol\u00edticas, reglamentos y otros documentos y normativas internas.<\/li>\n<li data-start=\"2163\" data-end=\"2577\">Realizaci\u00f3n de capacitaciones internas sobre la PKE.<\/li>\n<li data-start=\"2163\" data-end=\"2577\">Asesoramiento en materia de PKE para asegurar el cumplimiento legal y regulatorio en la actividad diaria.<\/li>\n<\/ul>\n<p>[\/vc_column_text][lab_button title=\u00bbCont\u00e1ctenos\u00bb type=\u00bbstandard\u00bb link=\u00bburl:https%3A%2F%2Fmatulamatula.com%2Fes%2Fcontacto%2F|title:Cont%C3%A1ctenos\u00bb][\/vc_column][\/vc_row][vc_row][vc_column][vc_column_text][\/vc_column_text][\/vc_column][\/vc_row][vc_row][vc_column][vc_column_text][\/vc_column_text][\/vc_column][\/vc_row]<\/p>\n<\/div>","protected":false},"excerpt":{"rendered":"<p>[vc_row][vc_column][vc_column_text css=\u00bb\u00bb] Telecomunicaciones y comunicaciones electr\u00f3nicas [\/vc_column_text][vc_separator][\/vc_column][\/vc_row][vc_row][vc_column width=\u00bb1\/2&#8243; css=\u00bb.vc_custom_1689771938973{margin-bottom: 0px !important;}\u00bb][vc_column_text css=\u00bb\u00bb] Soporte integral [\/vc_column_text][\/vc_column][vc_column width=\u00bb1\/2&#8243; css=\u00bb.vc_custom_1689771971221{margin-top: 0px !important;}\u00bb][vc_column_text css=\u00bb\u00bb]Contamos con una amplia experiencia en la atenci\u00f3n jur\u00eddica y regulatoria de operadores de telecomunicaciones y otras empresas del sector. Nuestra experiencia abarca todos los aspectos jur\u00eddicos y regulatorios de las entidades en el mercado de&hellip;<\/p>\n","protected":false},"author":1,"featured_media":0,"parent":0,"menu_order":0,"comment_status":"closed","ping_status":"closed","template":"","meta":{"_acf_changed":false,"footnotes":""},"class_list":["post-52236","page","type-page","status-publish","hentry"],"acf":[],"_links":{"self":[{"href":"https:\/\/matulamatula.com\/es\/wp-json\/wp\/v2\/pages\/52236","targetHints":{"allow":["GET"]}}],"collection":[{"href":"https:\/\/matulamatula.com\/es\/wp-json\/wp\/v2\/pages"}],"about":[{"href":"https:\/\/matulamatula.com\/es\/wp-json\/wp\/v2\/types\/page"}],"author":[{"embeddable":true,"href":"https:\/\/matulamatula.com\/es\/wp-json\/wp\/v2\/users\/1"}],"replies":[{"embeddable":true,"href":"https:\/\/matulamatula.com\/es\/wp-json\/wp\/v2\/comments?post=52236"}],"version-history":[{"count":2,"href":"https:\/\/matulamatula.com\/es\/wp-json\/wp\/v2\/pages\/52236\/revisions"}],"predecessor-version":[{"id":52239,"href":"https:\/\/matulamatula.com\/es\/wp-json\/wp\/v2\/pages\/52236\/revisions\/52239"}],"wp:attachment":[{"href":"https:\/\/matulamatula.com\/es\/wp-json\/wp\/v2\/media?parent=52236"}],"curies":[{"name":"wp","href":"https:\/\/api.w.org\/{rel}","templated":true}]}}