{"id":52228,"date":"2025-02-28T19:24:48","date_gmt":"2025-02-28T18:24:48","guid":{"rendered":"https:\/\/matulamatula.com\/?page_id=52228"},"modified":"2025-02-28T22:02:09","modified_gmt":"2025-02-28T21:02:09","slug":"marcas-comerciales","status":"publish","type":"page","link":"https:\/\/matulamatula.com\/es\/marcas-comerciales\/","title":{"rendered":"Marcas comerciales"},"content":{"rendered":"<div class=\"wpb-content-wrapper\"><p>[vc_row][vc_column][vc_column_text css=\u00bb\u00bb]<\/p>\n<h1>Marcas comerciales<\/h1>\n<p>[\/vc_column_text][vc_separator][\/vc_column][\/vc_row][vc_row][vc_column width=\u00bb1\/2&#8243; css=\u00bb.vc_custom_1689771938973{margin-bottom: 0px !important;}\u00bb][vc_column_text css=\u00bb\u00bb]<\/p>\n<h4><strong>Derecho de Marcas Comerciales<\/strong><\/h4>\n<p>[\/vc_column_text][\/vc_column][vc_column width=\u00bb1\/2&#8243; css=\u00bb.vc_custom_1689771971221{margin-top: 0px !important;}\u00bb][vc_column_text css=\u00bb\u00bb]<\/p>\n<p data-start=\"56\" data-end=\"132\"><strong>Ofrecemos asesor\u00eda legal y servicios en el \u00e1mbito de las marcas comerciales:<\/strong><\/p>\n<ul>\n<li data-start=\"134\" data-end=\"614\">Realizamos estudios y an\u00e1lisis de las marcas comerciales similares presentes en el mercado, evaluando la viabilidad y los riesgos asociados al registro de una marca determinada.<\/li>\n<li data-start=\"134\" data-end=\"614\">Representamos en procedimientos de registro.<\/li>\n<li data-start=\"134\" data-end=\"614\">Conducimos litigios relacionados con marcas comerciales.<\/li>\n<li data-start=\"134\" data-end=\"614\">Nos ocupamos del monitoreo, as\u00ed como de la continuidad y renovaci\u00f3n de los registros.<\/li>\n<li data-start=\"134\" data-end=\"614\">Gestionamos procedimientos relacionados con la vulneraci\u00f3n del derecho sobre la marca comercial.<\/li>\n<\/ul>\n<p>[\/vc_column_text][\/vc_column][\/vc_row][vc_row][vc_column][vc_separator][\/vc_column][\/vc_row][vc_row][vc_column width=\u00bb1\/2&#8243; css=\u00bb.vc_custom_1689771938973{margin-bottom: 0px !important;}\u00bb][vc_column_text css=\u00bb\u00bb]<\/p>\n<h4><strong>Representaci\u00f3n legal<\/strong><\/h4>\n<p>[\/vc_column_text][\/vc_column][vc_column width=\u00bb1\/2&#8243; css=\u00bb.vc_custom_1689771971221{margin-top: 0px !important;}\u00bb][vc_column_text css=\u00bb\u00bb]Representamos en procedimientos ante:<\/p>\n<ul>\n<li>Oficina de Patentes de Polonia,<\/li>\n<li>Oficina de Patentes de Espa\u00f1a,<\/li>\n<li>Oficina de Propiedad Intelectual de la Uni\u00f3n Europea en Alicante.<\/li>\n<\/ul>\n<p>[\/vc_column_text][lab_button title=\u00bbCont\u00e1ctenos\u00bb type=\u00bbstandard\u00bb link=\u00bburl:https%3A%2F%2Fmatulamatula.com%2Fes%2Fcontacto%2F|title:Cont%C3%A1ctenos\u00bb][\/vc_column][\/vc_row][vc_row][vc_column][vc_column_text][\/vc_column_text][\/vc_column][\/vc_row][vc_row][vc_column][vc_column_text][\/vc_column_text][\/vc_column][\/vc_row]<\/p>\n<\/div>","protected":false},"excerpt":{"rendered":"<p>[vc_row][vc_column][vc_column_text css=\u00bb\u00bb] Marcas comerciales [\/vc_column_text][vc_separator][\/vc_column][\/vc_row][vc_row][vc_column width=\u00bb1\/2&#8243; css=\u00bb.vc_custom_1689771938973{margin-bottom: 0px !important;}\u00bb][vc_column_text css=\u00bb\u00bb] Derecho de Marcas Comerciales [\/vc_column_text][\/vc_column][vc_column width=\u00bb1\/2&#8243; css=\u00bb.vc_custom_1689771971221{margin-top: 0px !important;}\u00bb][vc_column_text css=\u00bb\u00bb] Ofrecemos asesor\u00eda legal y servicios en el \u00e1mbito de las marcas comerciales: Realizamos estudios y an\u00e1lisis de las marcas comerciales similares presentes en el mercado, evaluando la viabilidad y los riesgos asociados al registro de&hellip;<\/p>\n","protected":false},"author":1,"featured_media":0,"parent":0,"menu_order":0,"comment_status":"closed","ping_status":"closed","template":"","meta":{"_acf_changed":false,"footnotes":""},"class_list":["post-52228","page","type-page","status-publish","hentry"],"acf":[],"_links":{"self":[{"href":"https:\/\/matulamatula.com\/es\/wp-json\/wp\/v2\/pages\/52228","targetHints":{"allow":["GET"]}}],"collection":[{"href":"https:\/\/matulamatula.com\/es\/wp-json\/wp\/v2\/pages"}],"about":[{"href":"https:\/\/matulamatula.com\/es\/wp-json\/wp\/v2\/types\/page"}],"author":[{"embeddable":true,"href":"https:\/\/matulamatula.com\/es\/wp-json\/wp\/v2\/users\/1"}],"replies":[{"embeddable":true,"href":"https:\/\/matulamatula.com\/es\/wp-json\/wp\/v2\/comments?post=52228"}],"version-history":[{"count":1,"href":"https:\/\/matulamatula.com\/es\/wp-json\/wp\/v2\/pages\/52228\/revisions"}],"predecessor-version":[{"id":52229,"href":"https:\/\/matulamatula.com\/es\/wp-json\/wp\/v2\/pages\/52228\/revisions\/52229"}],"wp:attachment":[{"href":"https:\/\/matulamatula.com\/es\/wp-json\/wp\/v2\/media?parent=52228"}],"curies":[{"name":"wp","href":"https:\/\/api.w.org\/{rel}","templated":true}]}}