{"id":52223,"date":"2025-02-28T19:15:21","date_gmt":"2025-02-28T18:15:21","guid":{"rendered":"https:\/\/matulamatula.com\/?page_id=52223"},"modified":"2025-02-28T19:15:45","modified_gmt":"2025-02-28T18:15:45","slug":"proteccion-de-datos-personales","status":"publish","type":"page","link":"https:\/\/matulamatula.com\/es\/proteccion-de-datos-personales\/","title":{"rendered":"Protecci\u00f3n de datos personales"},"content":{"rendered":"<div class=\"wpb-content-wrapper\"><p>[vc_row][vc_column][vc_column_text css=\u00bb\u00bb]<\/p>\n<h1>Protecci\u00f3n de datos personales<\/h1>\n<p>[\/vc_column_text][vc_separator][\/vc_column][\/vc_row][vc_row][vc_column width=\u00bb1\/2&#8243; css=\u00bb.vc_custom_1689771938973{margin-bottom: 0px !important;}\u00bb][vc_column_text css=\u00bb\u00bb]<\/p>\n<h4><strong>Soporte integral<\/strong><\/h4>\n<p>[\/vc_column_text][\/vc_column][vc_column width=\u00bb1\/2&#8243; css=\u00bb.vc_custom_1689771971221{margin-top: 0px !important;}\u00bb][vc_column_text css=\u00bb\u00bb]<strong>Brindamos asesoramiento y servicios integrales en materia de protecci\u00f3n de la privacidad y de los datos personales. <\/strong><\/p>\n<p>Elaboramos pol\u00edticas de privacidad y seguridad, procedimientos y normativas internas, registros, cl\u00e1usulas de consentimiento y cl\u00e1usulas informativas, as\u00ed como otros documentos requeridos.<\/p>\n<p>Ofrecemos asesor\u00eda legal y soporte en la aplicaci\u00f3n continua de la normativa de protecci\u00f3n de datos personales.<\/p>\n<p>Asimismo, ofrecemos la externalizaci\u00f3n de la funci\u00f3n de Delegado de Protecci\u00f3n de Datos y una atenci\u00f3n completa en este \u00e1mbito.<\/p>\n<p>Representamos a nuestros clientes en todas las cuestiones relacionadas con la protecci\u00f3n de datos personales y las infracciones, incluyendo procedimientos administrativos y contencioso-administrativos relacionados con dicha protecci\u00f3n, as\u00ed como durante las inspecciones de la Agencia de Protecci\u00f3n de Datos.[\/vc_column_text][vc_single_image image=\u00bb50953&#8243; img_size=\u00bbfull\u00bb css=\u00bb\u00bb][\/vc_column][\/vc_row][vc_row][vc_column][vc_separator][\/vc_column][\/vc_row][vc_row][vc_column width=\u00bb1\/2&#8243; css=\u00bb.vc_custom_1689771938973{margin-bottom: 0px !important;}\u00bb][vc_column_text css=\u00bb\u00bb]<\/p>\n<h4><strong>Soluciones individuales<\/strong><\/h4>\n<p>[\/vc_column_text][\/vc_column][vc_column width=\u00bb1\/2&#8243; css=\u00bb.vc_custom_1689771971221{margin-top: 0px !important;}\u00bb][vc_column_text css=\u00bb\u00bb]<strong>Ofrecemos servicios de implementaci\u00f3n de sistemas de protecci\u00f3n de datos personales, que incluyen, entre otros:<\/strong><\/p>\n<ul>\n<li>La implementaci\u00f3n de medidas organizativas para la protecci\u00f3n de datos personales.<\/li>\n<li>La elaboraci\u00f3n y revisi\u00f3n de consentimientos y cl\u00e1usulas informativas, pol\u00edticas de privacidad y seguridad, procedimientos internos, registros y otros documentos requeridos.<\/li>\n<li>La preparaci\u00f3n de esquemas y procedimientos para la circulaci\u00f3n de documentos y el flujo de datos.<\/li>\n<li>El dise\u00f1o de procesos para la atenci\u00f3n de solicitudes de las personas cuyos datos son tratados.<\/li>\n<\/ul>\n<p>[\/vc_column_text][\/vc_column][\/vc_row][vc_row][vc_column][vc_separator][\/vc_column][\/vc_row][vc_row][vc_column width=\u00bb1\/2&#8243; css=\u00bb.vc_custom_1689771938973{margin-bottom: 0px !important;}\u00bb][vc_column_text css=\u00bb\u00bb]<\/p>\n<h4><strong>Auditor\u00edas<\/strong><\/h4>\n<p>[\/vc_column_text][\/vc_column][vc_column width=\u00bb1\/2&#8243; css=\u00bb.vc_custom_1689771971221{margin-top: 0px !important;}\u00bb][vc_column_text css=\u00bb\u00bb]<\/p>\n<p data-start=\"1525\" data-end=\"2598\"><strong>Realizamos auditor\u00edas de conformidad con el RGPD, que abarcan, entre otros:<\/strong><\/p>\n<ul>\n<li data-start=\"1525\" data-end=\"2598\">revisi\u00f3n de las medidas organizativas de protecci\u00f3n de datos personales;<\/li>\n<li data-start=\"1525\" data-end=\"2598\">\u00a0verificaci\u00f3n de la pol\u00edtica de privacidad y seguridad, cl\u00e1usulas informativas, modelos de documentos (incluyendo consentimientos) y procedimientos relacionados con la tramitaci\u00f3n de solicitudes de las personas cuyos datos son tratados;<\/li>\n<li data-start=\"1525\" data-end=\"2598\">comprobaci\u00f3n de los procedimientos de evaluaci\u00f3n de proveedores de servicios, la correcta formalizaci\u00f3n de contratos y modelos, el registro de las actividades de tratamiento y el establecimiento de los periodos de retenci\u00f3n de datos;<\/li>\n<li data-start=\"1525\" data-end=\"2598\">auditor\u00eda del proceso interno de notificaci\u00f3n de incidentes de seguridad;<\/li>\n<li data-start=\"1525\" data-end=\"2598\">revisi\u00f3n de los mecanismos existentes para la transferencia de datos personales a terceros pa\u00edses;<\/li>\n<li data-start=\"1525\" data-end=\"2598\">verificaci\u00f3n de la adecuaci\u00f3n de la designaci\u00f3n y las funciones del Delegado de Protecci\u00f3n de Datos con los requisitos del RGPD (en caso de que no haya sido designado, evaluamos la necesidad de proceder a su nombramiento).<\/li>\n<\/ul>\n<p data-start=\"2600\" data-end=\"3105\" data-is-last-node=\"\" data-is-only-node=\"\">En colaboraci\u00f3n con entidades especializadas, ofrecemos soporte en auditor\u00edas de seguridad IT, que incluyen, entre otros:<\/p>\n<ul>\n<li data-start=\"2600\" data-end=\"3105\">revisi\u00f3n de las medidas t\u00e9cnicas de protecci\u00f3n de datos;<\/li>\n<li data-start=\"2600\" data-end=\"3105\">evaluaci\u00f3n de las medidas de seguridad de sistemas y software, abarcando accesos, cifrado, medidas de protecci\u00f3n contra ataques, autenticaci\u00f3n, requisitos de contrase\u00f1as, clasificaci\u00f3n de datos y la correcta tramitaci\u00f3n de las solicitudes de las personas cuyos datos son tratados desde el punto de vista t\u00e9cnico.<\/li>\n<\/ul>\n<p>[\/vc_column_text][lab_button title=\u00bbCont\u00e1ctenos\u00bb type=\u00bbstandard\u00bb link=\u00bburl:https%3A%2F%2Fmatulamatula.com%2Fes%2Fcontacto%2F|title:Cont%C3%A1ctenos\u00bb][\/vc_column][\/vc_row][vc_row][vc_column][vc_column_text][\/vc_column_text][\/vc_column][\/vc_row][vc_row][vc_column][vc_column_text][\/vc_column_text][\/vc_column][\/vc_row]<\/p>\n<\/div>","protected":false},"excerpt":{"rendered":"<p>[vc_row][vc_column][vc_column_text css=\u00bb\u00bb] Protecci\u00f3n de datos personales [\/vc_column_text][vc_separator][\/vc_column][\/vc_row][vc_row][vc_column width=\u00bb1\/2&#8243; css=\u00bb.vc_custom_1689771938973{margin-bottom: 0px !important;}\u00bb][vc_column_text css=\u00bb\u00bb] Soporte integral [\/vc_column_text][\/vc_column][vc_column width=\u00bb1\/2&#8243; css=\u00bb.vc_custom_1689771971221{margin-top: 0px !important;}\u00bb][vc_column_text css=\u00bb\u00bb]Brindamos asesoramiento y servicios integrales en materia de protecci\u00f3n de la privacidad y de los datos personales. Elaboramos pol\u00edticas de privacidad y seguridad, procedimientos y normativas internas, registros, cl\u00e1usulas de consentimiento y cl\u00e1usulas informativas, as\u00ed como&hellip;<\/p>\n","protected":false},"author":1,"featured_media":0,"parent":0,"menu_order":0,"comment_status":"closed","ping_status":"closed","template":"","meta":{"_acf_changed":false,"footnotes":""},"class_list":["post-52223","page","type-page","status-publish","hentry"],"acf":[],"_links":{"self":[{"href":"https:\/\/matulamatula.com\/es\/wp-json\/wp\/v2\/pages\/52223","targetHints":{"allow":["GET"]}}],"collection":[{"href":"https:\/\/matulamatula.com\/es\/wp-json\/wp\/v2\/pages"}],"about":[{"href":"https:\/\/matulamatula.com\/es\/wp-json\/wp\/v2\/types\/page"}],"author":[{"embeddable":true,"href":"https:\/\/matulamatula.com\/es\/wp-json\/wp\/v2\/users\/1"}],"replies":[{"embeddable":true,"href":"https:\/\/matulamatula.com\/es\/wp-json\/wp\/v2\/comments?post=52223"}],"version-history":[{"count":2,"href":"https:\/\/matulamatula.com\/es\/wp-json\/wp\/v2\/pages\/52223\/revisions"}],"predecessor-version":[{"id":52225,"href":"https:\/\/matulamatula.com\/es\/wp-json\/wp\/v2\/pages\/52223\/revisions\/52225"}],"wp:attachment":[{"href":"https:\/\/matulamatula.com\/es\/wp-json\/wp\/v2\/media?parent=52223"}],"curies":[{"name":"wp","href":"https:\/\/api.w.org\/{rel}","templated":true}]}}