{"id":52221,"date":"2025-02-28T19:09:50","date_gmt":"2025-02-28T18:09:50","guid":{"rendered":"https:\/\/matulamatula.com\/?page_id=52221"},"modified":"2025-02-28T19:09:50","modified_gmt":"2025-02-28T18:09:50","slug":"auditorias-legales","status":"publish","type":"page","link":"https:\/\/matulamatula.com\/es\/auditorias-legales\/","title":{"rendered":"Auditor\u00edas legales"},"content":{"rendered":"<div class=\"wpb-content-wrapper\"><p>[vc_row][vc_column][vc_column_text css=\u00bb\u00bb]<\/p>\n<h1>Auditor\u00edas legales<\/h1>\n<p>[\/vc_column_text][vc_separator][\/vc_column][\/vc_row][vc_row][vc_column width=\u00bb1\/2&#8243; css=\u00bb.vc_custom_1689771938973{margin-bottom: 0px !important;}\u00bb][vc_column_text css=\u00bb\u00bb]<\/p>\n<h4><strong>Due diligence<\/strong><\/h4>\n<p>[\/vc_column_text][\/vc_column][vc_column width=\u00bb1\/2&#8243; css=\u00bb.vc_custom_1689771971221{margin-top: 0px !important;}\u00bb][vc_column_text css=\u00bb\u00bb]<strong>Realizamos auditor\u00edas legales y estudios de due diligence de sociedades, entidades y activos espec\u00edficos, incluidas propiedades inmobiliarias.<\/strong><\/p>\n<p>La auditor\u00eda legal permite una evaluaci\u00f3n rigurosa del estado jur\u00eddico del sujeto o activo auditado, as\u00ed como la identificaci\u00f3n y eliminaci\u00f3n de riesgos legales.<\/p>\n<p>El alcance de la auditor\u00eda depende de las necesidades y objetivos, pudiendo ser completo, integral o parcial (abarcando \u00fanicamente \u00e1reas y aspectos seleccionados).<\/p>\n<p>El resultado de la auditor\u00eda permite minimizar los riesgos legales y fiscales, tomar las medidas correctivas pertinentes, aumentar la seguridad jur\u00eddica y el cumplimiento normativo, y salvaguardar los intereses del cliente.[\/vc_column_text][vc_single_image image=\u00bb51477&#8243; img_size=\u00bbfull\u00bb css=\u00bb\u00bb][\/vc_column][\/vc_row][vc_row][vc_column][vc_separator][\/vc_column][\/vc_row][vc_row][vc_column width=\u00bb1\/2&#8243; css=\u00bb.vc_custom_1689771938973{margin-bottom: 0px !important;}\u00bb][vc_column_text css=\u00bb\u00bb]<\/p>\n<h4><strong>Auditor\u00edas de sociedades<\/strong><\/h4>\n<p>[\/vc_column_text][\/vc_column][vc_column width=\u00bb1\/2&#8243; css=\u00bb.vc_custom_1689771971221{margin-top: 0px !important;}\u00bb][vc_column_text css=\u00bb\u00bb]<\/p>\n<p data-start=\"782\" data-end=\"1232\">En el caso de las sociedades, el estudio se orienta primordialmente a la evaluaci\u00f3n de la conformidad de las actividades y operaciones realizadas con la legislaci\u00f3n vigente y las normativas aplicables.<\/p>\n<p data-start=\"782\" data-end=\"1232\">La informaci\u00f3n obtenida es \u00fatil para la valoraci\u00f3n de la sociedad, la evaluaci\u00f3n de su situaci\u00f3n financiera, el riesgo asociado a su adquisici\u00f3n, las oportunidades de desarrollo y la capacidad de alcanzar los objetivos empresariales establecidos.<\/p>\n<p data-start=\"1234\" data-end=\"1259\">Se examinan, entre otros:<\/p>\n<ul data-start=\"1260\" data-end=\"1938\" data-is-last-node=\"\" data-is-only-node=\"\">\n<li data-start=\"1260\" data-end=\"1301\">Documentos constitutivos y de registro,<\/li>\n<li data-start=\"1302\" data-end=\"1340\">Estructura accionarial y de capital,<\/li>\n<li data-start=\"1341\" data-end=\"1393\">Acuerdos y acciones de los \u00f3rganos de la sociedad,<\/li>\n<li data-start=\"1394\" data-end=\"1449\">Actas de las reuniones de los \u00f3rganos de la sociedad,<\/li>\n<li data-start=\"1450\" data-end=\"1480\">Libros fiscales y contables,<\/li>\n<li data-start=\"1481\" data-end=\"1531\">Contratos comerciales y obligaciones contra\u00eddas,<\/li>\n<li data-start=\"1532\" data-end=\"1558\">Relaciones de propiedad,<\/li>\n<li data-start=\"1559\" data-end=\"1618\">Controversias, incluidos litigios actuales y potenciales,<\/li>\n<li data-start=\"1619\" data-end=\"1638\">Activos pose\u00eddos,<\/li>\n<li data-start=\"1639\" data-end=\"1794\">Pol\u00edticas y normativas internas y externas, incluidas aquellas relativas a la protecci\u00f3n de datos personales y la protecci\u00f3n de informaci\u00f3n confidencial,<\/li>\n<li data-start=\"1795\" data-end=\"1847\">Contratos de trabajo y acuerdos con colaboradores,<\/li>\n<li data-start=\"1848\" data-end=\"1938\" data-is-last-node=\"\">Asuntos relacionados con la protecci\u00f3n de la propiedad intelectual y marcas comerciales.<\/li>\n<\/ul>\n<p>[\/vc_column_text][lab_button title=\u00bbCont\u00e1ctenos\u00bb type=\u00bbstandard\u00bb link=\u00bburl:https%3A%2F%2Fmatulamatula.com%2Fes%2Fcontacto%2F|title:Cont%C3%A1ctenos\u00bb][\/vc_column][\/vc_row][vc_row][vc_column][vc_column_text][\/vc_column_text][\/vc_column][\/vc_row][vc_row][vc_column][vc_column_text][\/vc_column_text][\/vc_column][\/vc_row]<\/p>\n<\/div>","protected":false},"excerpt":{"rendered":"<p>[vc_row][vc_column][vc_column_text css=\u00bb\u00bb] Auditor\u00edas legales [\/vc_column_text][vc_separator][\/vc_column][\/vc_row][vc_row][vc_column width=\u00bb1\/2&#8243; css=\u00bb.vc_custom_1689771938973{margin-bottom: 0px !important;}\u00bb][vc_column_text css=\u00bb\u00bb] Due diligence [\/vc_column_text][\/vc_column][vc_column width=\u00bb1\/2&#8243; css=\u00bb.vc_custom_1689771971221{margin-top: 0px !important;}\u00bb][vc_column_text css=\u00bb\u00bb]Realizamos auditor\u00edas legales y estudios de due diligence de sociedades, entidades y activos espec\u00edficos, incluidas propiedades inmobiliarias. La auditor\u00eda legal permite una evaluaci\u00f3n rigurosa del estado jur\u00eddico del sujeto o activo auditado, as\u00ed como la identificaci\u00f3n y eliminaci\u00f3n&hellip;<\/p>\n","protected":false},"author":1,"featured_media":0,"parent":0,"menu_order":0,"comment_status":"closed","ping_status":"closed","template":"","meta":{"_acf_changed":false,"footnotes":""},"class_list":["post-52221","page","type-page","status-publish","hentry"],"acf":[],"_links":{"self":[{"href":"https:\/\/matulamatula.com\/es\/wp-json\/wp\/v2\/pages\/52221","targetHints":{"allow":["GET"]}}],"collection":[{"href":"https:\/\/matulamatula.com\/es\/wp-json\/wp\/v2\/pages"}],"about":[{"href":"https:\/\/matulamatula.com\/es\/wp-json\/wp\/v2\/types\/page"}],"author":[{"embeddable":true,"href":"https:\/\/matulamatula.com\/es\/wp-json\/wp\/v2\/users\/1"}],"replies":[{"embeddable":true,"href":"https:\/\/matulamatula.com\/es\/wp-json\/wp\/v2\/comments?post=52221"}],"version-history":[{"count":1,"href":"https:\/\/matulamatula.com\/es\/wp-json\/wp\/v2\/pages\/52221\/revisions"}],"predecessor-version":[{"id":52222,"href":"https:\/\/matulamatula.com\/es\/wp-json\/wp\/v2\/pages\/52221\/revisions\/52222"}],"wp:attachment":[{"href":"https:\/\/matulamatula.com\/es\/wp-json\/wp\/v2\/media?parent=52221"}],"curies":[{"name":"wp","href":"https:\/\/api.w.org\/{rel}","templated":true}]}}