{"id":52219,"date":"2025-02-28T19:06:20","date_gmt":"2025-02-28T18:06:20","guid":{"rendered":"https:\/\/matulamatula.com\/?page_id=52219"},"modified":"2025-02-28T19:06:20","modified_gmt":"2025-02-28T18:06:20","slug":"fusiones-y-adquisiciones","status":"publish","type":"page","link":"https:\/\/matulamatula.com\/es\/fusiones-y-adquisiciones\/","title":{"rendered":"Fusiones y Adquisiciones"},"content":{"rendered":"<div class=\"wpb-content-wrapper\"><p>[vc_row][vc_column][vc_column_text css=\u00bb\u00bb]<\/p>\n<h1>Fusiones y Adquisiciones<\/h1>\n<p>[\/vc_column_text][vc_separator][\/vc_column][\/vc_row][vc_row][vc_column width=\u00bb1\/2&#8243; css=\u00bb.vc_custom_1689771938973{margin-bottom: 0px !important;}\u00bb][vc_column_text css=\u00bb\u00bb]<\/p>\n<h4><strong>Soporte Integral<\/strong><\/h4>\n<p>[\/vc_column_text][\/vc_column][vc_column width=\u00bb1\/2&#8243; css=\u00bb.vc_custom_1689771971221{margin-top: 0px !important;}\u00bb][vc_column_text css=\u00bb\u00bb]<strong>Ofrecemos un soporte integral y asesor\u00eda jur\u00eddica en el \u00e1mbito de las fusiones y adquisiciones (M&amp;A). <\/strong><\/p>\n<p>Asesoramos en cada etapa, incluyendo:<\/p>\n<ul>\n<li>dise\u00f1o de la transacci\u00f3n,<\/li>\n<li>elaboraci\u00f3n de la estrategia,<\/li>\n<li>selecci\u00f3n de socios,<\/li>\n<li>realizaci\u00f3n de auditor\u00edas y due diligence,<\/li>\n<li>valoraci\u00f3n del negocio,<\/li>\n<li>elecci\u00f3n del modelo de adquisici\u00f3n \u00f3ptimo,<\/li>\n<li>determinaci\u00f3n de las condiciones de la transacci\u00f3n,<\/li>\n<li>redacci\u00f3n del contrato y de las cl\u00e1usulas pertinentes,<\/li>\n<li>escisi\u00f3n o reorganizaci\u00f3n del negocio,<\/li>\n<li>negociaci\u00f3n,<\/li>\n<li>formalizaci\u00f3n del contrato,<\/li>\n<li>integraci\u00f3n de las empresas.<\/li>\n<\/ul>\n<p>[\/vc_column_text][vc_single_image image=\u00bb50948&#8243; img_size=\u00bbfull\u00bb css=\u00bb\u00bb][\/vc_column][\/vc_row][vc_row][vc_column][vc_separator][\/vc_column][\/vc_row][vc_row][vc_column width=\u00bb1\/2&#8243; css=\u00bb.vc_custom_1689771938973{margin-bottom: 0px !important;}\u00bb][vc_column_text css=\u00bb\u00bb]<\/p>\n<h4><strong>Servicios Complementarios<\/strong><\/h4>\n<p>[\/vc_column_text][\/vc_column][vc_column width=\u00bb1\/2&#8243; css=\u00bb.vc_custom_1689771971221{margin-top: 0px !important;}\u00bb][vc_column_text css=\u00bb\u00bb]Ofrecemos un soporte integral en transacciones de M&amp;A y, en caso necesario, en el \u00e1mbito de los servicios complementarios que respaldan la operaci\u00f3n, colaborando tambi\u00e9n con asesores financieros y peritos de confianza, as\u00ed como otros expertos con amplia experiencia.[\/vc_column_text][lab_button title=\u00bbCont\u00e1ctenos\u00bb type=\u00bbstandard\u00bb link=\u00bburl:https%3A%2F%2Fmatulamatula.com%2Fes%2Fcontacto%2F|title:Cont%C3%A1ctenos\u00bb][\/vc_column][\/vc_row][vc_row][vc_column][vc_column_text][\/vc_column_text][\/vc_column][\/vc_row][vc_row][vc_column][vc_column_text][\/vc_column_text][\/vc_column][\/vc_row]<\/p>\n<\/div>","protected":false},"excerpt":{"rendered":"<p>[vc_row][vc_column][vc_column_text css=\u00bb\u00bb] Fusiones y Adquisiciones [\/vc_column_text][vc_separator][\/vc_column][\/vc_row][vc_row][vc_column width=\u00bb1\/2&#8243; css=\u00bb.vc_custom_1689771938973{margin-bottom: 0px !important;}\u00bb][vc_column_text css=\u00bb\u00bb] Soporte Integral [\/vc_column_text][\/vc_column][vc_column width=\u00bb1\/2&#8243; css=\u00bb.vc_custom_1689771971221{margin-top: 0px !important;}\u00bb][vc_column_text css=\u00bb\u00bb]Ofrecemos un soporte integral y asesor\u00eda jur\u00eddica en el \u00e1mbito de las fusiones y adquisiciones (M&amp;A). Asesoramos en cada etapa, incluyendo: dise\u00f1o de la transacci\u00f3n, elaboraci\u00f3n de la estrategia, selecci\u00f3n de socios, realizaci\u00f3n de auditor\u00edas y due&hellip;<\/p>\n","protected":false},"author":1,"featured_media":0,"parent":0,"menu_order":0,"comment_status":"closed","ping_status":"closed","template":"","meta":{"_acf_changed":false,"footnotes":""},"class_list":["post-52219","page","type-page","status-publish","hentry"],"acf":[],"_links":{"self":[{"href":"https:\/\/matulamatula.com\/es\/wp-json\/wp\/v2\/pages\/52219","targetHints":{"allow":["GET"]}}],"collection":[{"href":"https:\/\/matulamatula.com\/es\/wp-json\/wp\/v2\/pages"}],"about":[{"href":"https:\/\/matulamatula.com\/es\/wp-json\/wp\/v2\/types\/page"}],"author":[{"embeddable":true,"href":"https:\/\/matulamatula.com\/es\/wp-json\/wp\/v2\/users\/1"}],"replies":[{"embeddable":true,"href":"https:\/\/matulamatula.com\/es\/wp-json\/wp\/v2\/comments?post=52219"}],"version-history":[{"count":1,"href":"https:\/\/matulamatula.com\/es\/wp-json\/wp\/v2\/pages\/52219\/revisions"}],"predecessor-version":[{"id":52220,"href":"https:\/\/matulamatula.com\/es\/wp-json\/wp\/v2\/pages\/52219\/revisions\/52220"}],"wp:attachment":[{"href":"https:\/\/matulamatula.com\/es\/wp-json\/wp\/v2\/media?parent=52219"}],"curies":[{"name":"wp","href":"https:\/\/api.w.org\/{rel}","templated":true}]}}