{"id":52192,"date":"2025-02-28T16:56:09","date_gmt":"2025-02-28T15:56:09","guid":{"rendered":"https:\/\/matulamatula.com\/?page_id=52192"},"modified":"2025-02-28T16:56:09","modified_gmt":"2025-02-28T15:56:09","slug":"negocios-en-polonia","status":"publish","type":"page","link":"https:\/\/matulamatula.com\/es\/negocios-en-polonia\/","title":{"rendered":"Negocios en Polonia"},"content":{"rendered":"<div class=\"wpb-content-wrapper\"><p>[vc_row][vc_column][vc_column_text css=\u00bb\u00bb]<\/p>\n<h1>Negocios en Polonia<\/h1>\n<p>[\/vc_column_text][vc_separator][\/vc_column][\/vc_row][vc_row][vc_column width=\u00bb1\/2&#8243; css=\u00bb.vc_custom_1689771938973{margin-bottom: 0px !important;}\u00bb][vc_column_text css=\u00bb\u00bb]<\/p>\n<h4><strong>Servicios legales integrales<\/strong><\/h4>\n<p>[\/vc_column_text][\/vc_column][vc_column width=\u00bb1\/2&#8243; css=\u00bb.vc_custom_1689771971221{margin-top: 0px !important;}\u00bb][vc_column_text css=\u00bb\u00bb]<strong>Asesoramos en todas las cuestiones legales relativas a la actividad econ\u00f3mica a fin de garantizar el \u00e9xito de los proyectos comerciales en Polonia.<\/strong><\/p>\n<p>Nuestro principal objetivo y aspiraci\u00f3n es servir de puente de uni\u00f3n entre Polonia y los pa\u00edses hispanohablantes. Nadie como un abogado con una amplia experiencia laboral en diversas empresas y corporaciones polacas puede entender mejor la realidad comercial y empresarial del pa\u00eds.<\/p>\n<p>Estamos especializados en el asesoramiento a clientes y proveedores espa\u00f1oles y hispanohablantes, al disponer de una extensa cartera de contactos.<\/p>\n<p>Colaboramos en la creaci\u00f3n de negocios y en el dise\u00f1o de la estructura legal y tributaria m\u00e1s acorde a la actividad comercial de cada empresa.<\/p>\n<p>Ofrecemos un servicio jur\u00eddico-legal continuado en lo referente a la actividad empresarial desde sus inicios (contratos, transacciones, estructura de los \u00f3rganos de administraci\u00f3n de la sociedad, participaci\u00f3n societaria y situaci\u00f3n laboral de trabajadores y socios); as\u00ed como en la etapa de desarrollo, crecimiento y expansi\u00f3n de la empresa (creaci\u00f3n de sucursales o delegaciones, transformaciones y reestructuraciones societarias, fusiones e inversiones en los mercados extranjeros); y, cuando sea necesario, en los momentos de crisis o de p\u00e9rdida de liquidez financiera (reestructuraci\u00f3n, transformaci\u00f3n o disoluci\u00f3n, liquidaciones concursales, compra-venta de activos y negociaci\u00f3n de deudas).<\/p>\n<p>Soluci\u00f3n de gesti\u00f3n de cr\u00e9ditos y cobros.<\/p>\n<p>Representaci\u00f3n letrada en pleitos y negociaciones extrajudiciales.<\/p>\n<p>Asesoramiento, estudio y redacci\u00f3n de todo tipo de documentos y contratos.<\/p>\n<p>An\u00e1lisis, minimizaci\u00f3n y cobertura de los posibles riesgos legales.<\/p>\n<p>Asesoramos en todas aquellas cuestiones relacionadas con las inversiones y la actividad econ\u00f3mica en el mercado polaco, as\u00ed como en temas de exportaci\u00f3n e importaci\u00f3n entre Polonia y los pa\u00edses hispanohablantes.<\/p>\n<p>Adem\u00e1s, gestionamos, participamos y ostentamos la representaci\u00f3n en las negociaciones con sus clientes polacos (actuales o potenciales).<\/p>\n<p>Ofrecemos servicios jur\u00eddicos sobre asuntos legales relativos a la actividad econ\u00f3mica en Polonia y al comercio con Polonia.[\/vc_column_text][vc_single_image image=\u00bb51480&#8243; img_size=\u00bbfull\u00bb css=\u00bb\u00bb][\/vc_column][\/vc_row][vc_row][vc_column][vc_separator][\/vc_column][\/vc_row][vc_row][vc_column width=\u00bb1\/2&#8243; css=\u00bb.vc_custom_1689771938973{margin-bottom: 0px !important;}\u00bb][vc_column_text css=\u00bb\u00bb]<\/p>\n<h4><strong>\u00c1reas seleccionadas<\/strong><\/h4>\n<p>[\/vc_column_text][\/vc_column][vc_column width=\u00bb1\/2&#8243; css=\u00bb.vc_custom_1689771971221{margin-top: 0px !important;}\u00bb][vc_column_text css=\u00bb\u00bb]Nuestras \u00e1reas de actuaci\u00f3n abarcan diversas ramas del derecho aplicables al \u00e1mbito empresarial, entre las cuales destacan:<\/p>\n<ul>\n<li>Derecho mercantil.<\/li>\n<li>Derecho civil.<\/li>\n<li>Derecho concursal.<\/li>\n<li>Derecho administrativo.<\/li>\n<li>Derecho procesal.<\/li>\n<li>Derecho laboral.<\/li>\n<li>Protecci\u00f3n de datos personales.<\/li>\n<li>Contrataci\u00f3n de obras y servicios p\u00fablicos.<\/li>\n<li>Competencia il\u00edcita.<\/li>\n<li>E-commerce.<\/li>\n<li>Derecho inmobiliario.<\/li>\n<\/ul>\n<p>[\/vc_column_text][lab_button title=\u00bbCont\u00e1ctenos\u00bb type=\u00bbstandard\u00bb link=\u00bburl:https%3A%2F%2Fmatulamatula.com%2Fes%2Fcontacto%2F|title:Cont%C3%A1ctenos\u00bb][\/vc_column][\/vc_row][vc_row][vc_column][vc_column_text][\/vc_column_text][\/vc_column][\/vc_row][vc_row][vc_column][vc_column_text][\/vc_column_text][\/vc_column][\/vc_row]<\/p>\n<\/div>","protected":false},"excerpt":{"rendered":"<p>[vc_row][vc_column][vc_column_text css=\u00bb\u00bb] Negocios en Polonia [\/vc_column_text][vc_separator][\/vc_column][\/vc_row][vc_row][vc_column width=\u00bb1\/2&#8243; css=\u00bb.vc_custom_1689771938973{margin-bottom: 0px !important;}\u00bb][vc_column_text css=\u00bb\u00bb] Servicios legales integrales [\/vc_column_text][\/vc_column][vc_column width=\u00bb1\/2&#8243; css=\u00bb.vc_custom_1689771971221{margin-top: 0px !important;}\u00bb][vc_column_text css=\u00bb\u00bb]Asesoramos en todas las cuestiones legales relativas a la actividad econ\u00f3mica a fin de garantizar el \u00e9xito de los proyectos comerciales en Polonia. Nuestro principal objetivo y aspiraci\u00f3n es servir de puente de uni\u00f3n entre Polonia&hellip;<\/p>\n","protected":false},"author":1,"featured_media":0,"parent":0,"menu_order":0,"comment_status":"closed","ping_status":"closed","template":"","meta":{"_acf_changed":false,"footnotes":""},"class_list":["post-52192","page","type-page","status-publish","hentry"],"acf":[],"_links":{"self":[{"href":"https:\/\/matulamatula.com\/es\/wp-json\/wp\/v2\/pages\/52192","targetHints":{"allow":["GET"]}}],"collection":[{"href":"https:\/\/matulamatula.com\/es\/wp-json\/wp\/v2\/pages"}],"about":[{"href":"https:\/\/matulamatula.com\/es\/wp-json\/wp\/v2\/types\/page"}],"author":[{"embeddable":true,"href":"https:\/\/matulamatula.com\/es\/wp-json\/wp\/v2\/users\/1"}],"replies":[{"embeddable":true,"href":"https:\/\/matulamatula.com\/es\/wp-json\/wp\/v2\/comments?post=52192"}],"version-history":[{"count":1,"href":"https:\/\/matulamatula.com\/es\/wp-json\/wp\/v2\/pages\/52192\/revisions"}],"predecessor-version":[{"id":52193,"href":"https:\/\/matulamatula.com\/es\/wp-json\/wp\/v2\/pages\/52192\/revisions\/52193"}],"wp:attachment":[{"href":"https:\/\/matulamatula.com\/es\/wp-json\/wp\/v2\/media?parent=52192"}],"curies":[{"name":"wp","href":"https:\/\/api.w.org\/{rel}","templated":true}]}}