{"id":52173,"date":"2025-02-28T16:24:00","date_gmt":"2025-02-28T15:24:00","guid":{"rendered":"https:\/\/matulamatula.com\/?page_id=52173"},"modified":"2025-02-28T16:24:18","modified_gmt":"2025-02-28T15:24:18","slug":"nuestros-valores","status":"publish","type":"page","link":"https:\/\/matulamatula.com\/es\/nuestros-valores\/","title":{"rendered":"Nuestros valores"},"content":{"rendered":"<div class=\"wpb-content-wrapper\"><p>[vc_row][vc_column][vc_column_text css=\u00bb\u00bb]<\/p>\n<h1>Nuestros valores<\/h1>\n<p>[\/vc_column_text][vc_separator][\/vc_column][\/vc_row][vc_row][vc_column width=\u00bb1\/2&#8243; css=\u00bb.vc_custom_1689771938973{margin-bottom: 0px !important;}\u00bb][vc_column_text css=\u00bb\u00bb]<\/p>\n<h4><strong>Cuidamos de nuestros Clientes<\/strong><\/h4>\n<p>[\/vc_column_text][\/vc_column][vc_column width=\u00bb1\/2&#8243; css=\u00bb.vc_custom_1689771971221{margin-top: 0px !important;}\u00bb][vc_column_text css=\u00bb\u00bb]Nuestra m\u00e1xima prioridad es siempre cuidar los intereses del cliente.<\/p>\n<p>Representamos, protegemos y cuidamos los intereses de nuestros clientes proponiendo las mejores soluciones, estrategias y v\u00edas legales.[\/vc_column_text][\/vc_column][\/vc_row][vc_row][vc_column][vc_separator][\/vc_column][\/vc_row][vc_row][vc_column width=\u00bb1\/2&#8243; css=\u00bb.vc_custom_1689771938973{margin-bottom: 0px !important;}\u00bb][vc_column_text css=\u00bb\u00bb]<\/p>\n<h4><strong>Pragmatismo y eficiencia<\/strong><\/h4>\n<p>[\/vc_column_text][\/vc_column][vc_column width=\u00bb1\/2&#8243; css=\u00bb.vc_custom_1689771971221{margin-top: 0px !important;}\u00bb][vc_column_text css=\u00bb\u00bb]<\/p>\n<p data-start=\"0\" data-end=\"117\">El conocimiento de la normativa nos permite dise\u00f1ar estrategias, proponer soluciones pr\u00e1cticas y actuar con eficacia.<\/p>\n<p data-start=\"119\" data-end=\"229\">Somos profesionales expertos en el \u00e1mbito empresarial, conocemos y comprendemos los mecanismos de negocio.<\/p>\n<p data-start=\"119\" data-end=\"229\">Los resultados son importantes para nosotros; por lo tanto, actuamos de manera eficiente, \u00e1gil y efectiva en cada caso, transformando nuestro amplio conocimiento, competencia, habilidades y experiencia en estrategias s\u00f3lidas y soluciones exitosas.<\/p>\n<p>[\/vc_column_text][\/vc_column][\/vc_row][vc_row][vc_column][vc_separator][\/vc_column][\/vc_row][vc_row][vc_column width=\u00bb1\/2&#8243; css=\u00bb.vc_custom_1689771938973{margin-bottom: 0px !important;}\u00bb][vc_column_text css=\u00bb\u00bb]<\/p>\n<h4><strong>Experiencia<\/strong><\/h4>\n<p>[\/vc_column_text][\/vc_column][vc_column width=\u00bb1\/2&#8243; css=\u00bb.vc_custom_1689771971221{margin-top: 0px !important;}\u00bb][vc_column_text css=\u00bb\u00bb]Contamos con a\u00f1os de experiencia y una pr\u00e1ctica profesional diversificada y completa, adquirida en la prestaci\u00f3n de servicios jur\u00eddicos a instituciones y empresas de prestigio.<\/p>\n<p>Adem\u00e1s, nuestra presencia en mercados extranjeros y la experiencia internacional consolidada nos facultan para abordar las problem\u00e1ticas desde una perspectiva global, permiti\u00e9ndonos proponer estrategias y cursos de acci\u00f3n frecuentemente no evidentes, pero siempre eficaces.[\/vc_column_text][\/vc_column][\/vc_row][vc_row][vc_column][vc_separator][\/vc_column][\/vc_row][vc_row][vc_column width=\u00bb1\/2&#8243; css=\u00bb.vc_custom_1689771938973{margin-bottom: 0px !important;}\u00bb][vc_column_text css=\u00bb\u00bb]<\/p>\n<h4><strong>Conocimiento<\/strong><\/h4>\n<p>[\/vc_column_text][\/vc_column][vc_column width=\u00bb1\/2&#8243; css=\u00bb.vc_custom_1689771971221{margin-top: 0px !important;}\u00bb][vc_column_text css=\u00bb\u00bb]Nuestras acciones se basan en el conocimiento, el cual ampliamos y mejoramos constantemente.<\/p>\n<p>Seguimos constantemente las posiciones de la doctrina, analizamos discursos, posiciones, recomendaciones y decisiones de \u00f3rganos administrativos y reguladores, as\u00ed como la jurisprudencia judicial.<\/p>\n<p>Participamos en simposios, conferencias, webinars y eventos legales y comerciales.<\/p>\n<p>Actualizamos nuestra biblioteca y utilizamos el software de informaci\u00f3n jur\u00eddica m\u00e1s reciente.[\/vc_column_text][\/vc_column][\/vc_row][vc_row][vc_column][vc_separator][\/vc_column][\/vc_row][vc_row][vc_column width=\u00bb1\/2&#8243; css=\u00bb.vc_custom_1689771938973{margin-bottom: 0px !important;}\u00bb][vc_column_text css=\u00bb\u00bb]<\/p>\n<h4><strong>Profesionalismo<\/strong><\/h4>\n<p>[\/vc_column_text][\/vc_column][vc_column width=\u00bb1\/2&#8243; css=\u00bb.vc_custom_1689771971221{margin-top: 0px !important;}\u00bb][vc_column_text css=\u00bb\u00bb]<\/p>\n<p data-start=\"0\" data-end=\"52\">Conocemos la ley y poseemos un conocimiento profundo de la legislaci\u00f3n.<\/p>\n<p data-start=\"54\" data-end=\"160\">Somos profesionales comprometidos con la calidad y el alto nivel de nuestros servicios.<\/p>\n<p data-start=\"162\" data-end=\"265\" data-is-last-node=\"\" data-is-only-node=\"\">En el ejercicio de nuestra labor, implementamos exclusivamente soluciones especializadas y comprobadas.<\/p>\n<p>[\/vc_column_text][\/vc_column][\/vc_row][vc_row][vc_column][vc_separator][\/vc_column][\/vc_row][vc_row][vc_column width=\u00bb1\/2&#8243; css=\u00bb.vc_custom_1689771938973{margin-bottom: 0px !important;}\u00bb][vc_column_text css=\u00bb\u00bb]<\/p>\n<h4><strong>Confianza y cooperaci\u00f3n<\/strong><\/h4>\n<p>[\/vc_column_text][\/vc_column][vc_column width=\u00bb1\/2&#8243; css=\u00bb.vc_custom_1689771971221{margin-top: 0px !important;}\u00bb][vc_column_text css=\u00bb\u00bb]<\/p>\n<p data-start=\"0\" data-end=\"130\">Valoramos profundamente la confianza que nuestros clientes depositan en nosotros, reconociendo el valor intr\u00ednseco de sus asuntos.<\/p>\n<p data-start=\"132\" data-end=\"354\" data-is-last-node=\"\" data-is-only-node=\"\">Estamos convencidos de que una acci\u00f3n eficaz y un compromiso s\u00f3lido se fundamentan en la confianza mutua y en una colaboraci\u00f3n basada en la asociaci\u00f3n, pilares esenciales para establecer relaciones duraderas y fruct\u00edferas.<\/p>\n<p>[\/vc_column_text][\/vc_column][\/vc_row][vc_row][vc_column][vc_separator][\/vc_column][\/vc_row][vc_row][vc_column width=\u00bb1\/2&#8243; css=\u00bb.vc_custom_1689771938973{margin-bottom: 0px !important;}\u00bb][vc_column_text css=\u00bb\u00bb]<\/p>\n<h4><strong>Confidencialidad<\/strong><\/h4>\n<p>[\/vc_column_text][\/vc_column][vc_column width=\u00bb1\/2&#8243; css=\u00bb.vc_custom_1689771971221{margin-top: 0px !important;}\u00bb][vc_column_text css=\u00bb\u00bb]Mantener la confidencialidad es otra de nuestras prioridades.<\/p>\n<p>Toda la informaci\u00f3n proporcionada est\u00e1 amparada por el privilegio abogado-cliente, garantizado y protegido por la ley de forma indefinida.[\/vc_column_text][lab_button title=\u00bbCont\u00e1ctenos\u00bb type=\u00bbstandard\u00bb link=\u00bburl:https%3A%2F%2Fmatulamatula.com%2Fes%2Fcontacto%2F|title:Contact\u00bb][\/vc_column][\/vc_row][vc_row][vc_column][vc_column_text][\/vc_column_text][\/vc_column][\/vc_row][vc_row][vc_column][vc_column_text][\/vc_column_text][\/vc_column][\/vc_row]<\/p>\n<\/div>","protected":false},"excerpt":{"rendered":"<p>[vc_row][vc_column][vc_column_text css=\u00bb\u00bb] Nuestros valores [\/vc_column_text][vc_separator][\/vc_column][\/vc_row][vc_row][vc_column width=\u00bb1\/2&#8243; css=\u00bb.vc_custom_1689771938973{margin-bottom: 0px !important;}\u00bb][vc_column_text css=\u00bb\u00bb] Cuidamos de nuestros Clientes [\/vc_column_text][\/vc_column][vc_column width=\u00bb1\/2&#8243; css=\u00bb.vc_custom_1689771971221{margin-top: 0px !important;}\u00bb][vc_column_text css=\u00bb\u00bb]Nuestra m\u00e1xima prioridad es siempre cuidar los intereses del cliente. Representamos, protegemos y cuidamos los intereses de nuestros clientes proponiendo las mejores soluciones, estrategias y v\u00edas legales.[\/vc_column_text][\/vc_column][\/vc_row][vc_row][vc_column][vc_separator][\/vc_column][\/vc_row][vc_row][vc_column width=\u00bb1\/2&#8243; css=\u00bb.vc_custom_1689771938973{margin-bottom: 0px !important;}\u00bb][vc_column_text css=\u00bb\u00bb] Pragmatismo y eficiencia [\/vc_column_text][\/vc_column][vc_column&hellip;<\/p>\n","protected":false},"author":1,"featured_media":0,"parent":0,"menu_order":0,"comment_status":"closed","ping_status":"closed","template":"","meta":{"_acf_changed":false,"footnotes":""},"class_list":["post-52173","page","type-page","status-publish","hentry"],"acf":[],"_links":{"self":[{"href":"https:\/\/matulamatula.com\/es\/wp-json\/wp\/v2\/pages\/52173","targetHints":{"allow":["GET"]}}],"collection":[{"href":"https:\/\/matulamatula.com\/es\/wp-json\/wp\/v2\/pages"}],"about":[{"href":"https:\/\/matulamatula.com\/es\/wp-json\/wp\/v2\/types\/page"}],"author":[{"embeddable":true,"href":"https:\/\/matulamatula.com\/es\/wp-json\/wp\/v2\/users\/1"}],"replies":[{"embeddable":true,"href":"https:\/\/matulamatula.com\/es\/wp-json\/wp\/v2\/comments?post=52173"}],"version-history":[{"count":2,"href":"https:\/\/matulamatula.com\/es\/wp-json\/wp\/v2\/pages\/52173\/revisions"}],"predecessor-version":[{"id":52177,"href":"https:\/\/matulamatula.com\/es\/wp-json\/wp\/v2\/pages\/52173\/revisions\/52177"}],"wp:attachment":[{"href":"https:\/\/matulamatula.com\/es\/wp-json\/wp\/v2\/media?parent=52173"}],"curies":[{"name":"wp","href":"https:\/\/api.w.org\/{rel}","templated":true}]}}