{"id":47895,"date":"2021-08-22T11:48:08","date_gmt":"2021-08-22T09:48:08","guid":{"rendered":"https:\/\/matulamatula.com\/?page_id=47895"},"modified":"2026-01-22T19:54:21","modified_gmt":"2026-01-22T18:54:21","slug":"bufete","status":"publish","type":"page","link":"https:\/\/matulamatula.com\/es\/bufete\/","title":{"rendered":"El bufete"},"content":{"rendered":"<div class=\"wpb-content-wrapper\"><p>[vc_row][vc_column][vc_column_text css=\u00bb\u00bb]<\/p>\n<h1>Sobre nosotros<\/h1>\n<p>[\/vc_column_text][\/vc_column][\/vc_row][vc_row][vc_column][vc_separator][\/vc_column][\/vc_row][vc_row][vc_column width=\u00bb1\/2&#8243;][vc_column_text css=\u00bb\u00bb]<\/p>\n<h4><strong>Siempre al lado de nuestros clientes<\/strong><\/h4>\n<p>[\/vc_column_text][\/vc_column][vc_column width=\u00bb1\/2&#8243;][vc_column_text css=\u00bb\u00bb]<strong>Tenemos m\u00e1s de 10 a\u00f1os de experiencia en servicios legales y asesor\u00eda jur\u00eddica. Nos avalan a\u00f1os de experiencia profesional en instituciones y grandes empresas, que conf\u00edan en nuestros est\u00e1ndares de actuaci\u00f3n.<\/strong><\/p>\n<p>Nuestros valores se basan en la credibilidad, el compromiso y la profesionalidad; y estamos preparados para afrontar y dedicar todos nuestros esfuerzos a cualquier desaf\u00edo que se nos plantee.<\/p>\n<p>Ofrecemos servicios profesionales, consultor\u00eda y representaci\u00f3n letrada para empresas, emprendedores, instituciones y clientes individuales.<\/p>\n<p>Representamos y defendemos los intereses de nuestros clientes proponi\u00e9ndoles las mejores v\u00edas de soluci\u00f3n y las alternativas legales m\u00e1s adecuadas para cada caso.<\/p>\n<p>Disponemos de un servicio permanente de atenci\u00f3n al cliente para cualquier consulta o tema a tratar.[\/vc_column_text][lab_button title=\u00bbDescubra nuestros valores\u00bb type=\u00bbstandard\u00bb link=\u00bburl:https%3A%2F%2Fmatulamatula.com%2Fes%2Fnuestros-valores%2F|title:Our%20values\u00bb][vc_empty_space][\/vc_column][\/vc_row][vc_row][vc_column][vc_separator][\/vc_column][\/vc_row][vc_row][vc_column width=\u00bb1\/2&#8243;][vc_column_text css=\u00bb\u00bb]<\/p>\n<h4><strong>Fundador<\/strong><\/h4>\n<p>[\/vc_column_text][\/vc_column][vc_column width=\u00bb1\/2&#8243;][vc_column_text css=\u00bb\u00bb]<img loading=\"lazy\" decoding=\"async\" class=\"alignright wp-image-47565\" src=\"https:\/\/matulamatula.com\/wp-content\/uploads\/2021\/08\/AMatula.jpg\" alt=\"\" width=\"148\" height=\"158\" \/><\/p>\n<p><strong>Adrian Matula, f<\/strong><strong>undador del bufete, abogado con una amplia experiencia en la prestaci\u00f3n de servicios legales a las instituciones financieras y sociedades mercantiles.<\/strong><\/p>\n<p>Miembro del Ilustre Colegio de la Abogac\u00eda de Barcelona y del Colegio de Abogados de Breslavia\/Wroclaw.<\/p>\n<p>Licenciado en Derecho en Polonia por la Facultad de Derecho y Administraci\u00f3n de la Universidad de Lazarski de Varsovia y en Espa\u00f1a por la Universidad Francisco de Vitoria de Madrid.<\/p>\n<p>Graduado por la Escuela de Farmacoeconom\u00eda, Marketing y Derecho Farmac\u00e9utico de la Escuela de Negocios de la Universidad Polit\u00e9cnica de Varsovia.<\/p>\n<p>Termin\u00f3 tambi\u00e9n varios cursos complementarios, entre otros en el \u00e1mbito de negociaciones, vindicaci\u00f3n y finanzas.<\/p>\n<p>Se especializa en derecho civil y mercantil, gesti\u00f3n de cobro, derecho de la propiedad intelectual y de autor, sociedades mercantiles, derecho polaco, adem\u00e1s practic\u00f3 tambi\u00e9n en otras \u00e1reas legales.<\/p>\n<p>Prest\u00f3 servicios de asesoramiento jur\u00eddico a los bancos, empresas de seguros, autom\u00f3viles, construcci\u00f3n y telecomunicaci\u00f3n (MNO y MVNO).<\/p>\n<p>Trabaj\u00f3 en empresas internacionales y sociedades polacas y espa\u00f1olas, entre otros: Intrum Justitia (Asesor Empresarial), Orange y Telecomunicaci\u00f3n Polaca (Especialista General de Asuntos Legales), Bumar (Asesor de los \u00d3rganos de Administraci\u00f3n) y (como abogado) en varios bufetes en Varsovia.<\/p>\n<p>Autor de numerosos art\u00edculos y publicaciones jur\u00eddicas, incluyendo <em data-start=\"625\" data-end=\"674\">Protecci\u00f3n del participante en ensayos cl\u00ednicos, <\/em>Asociaci\u00f3n de Buenas Pr\u00e1cticas Cl\u00ednicas.<\/p>\n<p>Miembro de la Asociaci\u00f3n de Buenas Pr\u00e1cticas Cl\u00ednicas en Polonia (GCPpl).<\/p>\n<p>Miembro de la Comisi\u00f3n de Cooperaci\u00f3n Internacional del Colegio de Abogados de Wroclaw\/Breslavia.<\/p>\n<p>Fundador de la plataforma de servicios legales en l\u00ednea <a href=\"https:\/\/mprawnik.pl\" target=\"_blank\" rel=\"noopener\">mPrawnik.<\/a><\/p>\n<p>Representa a clientes en Polonia y Espa\u00f1a.<\/p>\n<div id=\"gtx-trans\" style=\"position: absolute; left: -4px; top: -8.8px;\">\n<div class=\"gtx-trans-icon\"><\/div>\n<\/div>\n<p>[\/vc_column_text][lab_button title=\u00bbLinkedIn\u00bb type=\u00bbstandard\u00bb link=\u00bburl:https%3A%2F%2Fwww.linkedin.com%2Fin%2Fadrian-matula-b81556a6|title:LinkedIn|target:_blank\u00bb][vc_empty_space][\/vc_column][\/vc_row][vc_row][vc_column][vc_separator][\/vc_column][\/vc_row][vc_row][vc_column width=\u00bb1\/2&#8243;][vc_column_text css=\u00bb\u00bb]<\/p>\n<h4><strong>Abogados y asociados<\/strong><\/h4>\n<p>[\/vc_column_text][\/vc_column][vc_column width=\u00bb1\/2&#8243;][vc_column_text css=\u00bb.vc_custom_1740754571579{margin-top: 0px !important;}\u00bb]<strong>Nuestro bufete colabora con abogados, procuradores, asesores legales, asesores de reestructuraciones, asesores fiscales y expertos de diversas especialidades en Polonia y Espa\u00f1a con reconocidos logros y experiencia.<\/strong><\/p>\n<p>Gracias a una extensa red de contactos y asociados, podemos ofrecer servicios legales integrales.<\/p>\n<p>Adem\u00e1s, colaboramos con expertos en otros campos que prestan servicios complementarios a nuestros clientes (peritos, contables y traductores).<\/p>\n<div id=\"gtx-trans\" style=\"position: absolute; left: -19px; top: -8.8px;\">\n<div class=\"gtx-trans-icon\"><\/div>\n<\/div>\n<p>[\/vc_column_text][lab_button title=\u00bbCont\u00e1ctenos\u00bb type=\u00bbstandard\u00bb link=\u00bburl:https%3A%2F%2Fmatulamatula.com%2Fes%2Fcontacto%2F|title:Contact%20us\u00bb][\/vc_column][\/vc_row][vc_row][vc_column][vc_column_text][\/vc_column_text][\/vc_column][\/vc_row][vc_row full_width=\u00bbstretch_row\u00bb][vc_column][vc_column_text][\/vc_column_text][\/vc_column][\/vc_row]<\/p>\n<\/div>","protected":false},"excerpt":{"rendered":"<p>[vc_row][vc_column][vc_column_text css=\u00bb\u00bb] Sobre nosotros [\/vc_column_text][\/vc_column][\/vc_row][vc_row][vc_column][vc_separator][\/vc_column][\/vc_row][vc_row][vc_column width=\u00bb1\/2&#8243;][vc_column_text css=\u00bb\u00bb] Siempre al lado de nuestros clientes [\/vc_column_text][\/vc_column][vc_column width=\u00bb1\/2&#8243;][vc_column_text css=\u00bb\u00bb]Tenemos m\u00e1s de 10 a\u00f1os de experiencia en servicios legales y asesor\u00eda jur\u00eddica. Nos avalan a\u00f1os de experiencia profesional en instituciones y grandes empresas, que conf\u00edan en nuestros est\u00e1ndares de actuaci\u00f3n. Nuestros valores se basan en la credibilidad, el compromiso&hellip;<\/p>\n","protected":false},"author":1,"featured_media":0,"parent":0,"menu_order":0,"comment_status":"closed","ping_status":"closed","template":"","meta":{"_acf_changed":false,"footnotes":""},"class_list":["post-47895","page","type-page","status-publish","hentry"],"acf":[],"_links":{"self":[{"href":"https:\/\/matulamatula.com\/es\/wp-json\/wp\/v2\/pages\/47895","targetHints":{"allow":["GET"]}}],"collection":[{"href":"https:\/\/matulamatula.com\/es\/wp-json\/wp\/v2\/pages"}],"about":[{"href":"https:\/\/matulamatula.com\/es\/wp-json\/wp\/v2\/types\/page"}],"author":[{"embeddable":true,"href":"https:\/\/matulamatula.com\/es\/wp-json\/wp\/v2\/users\/1"}],"replies":[{"embeddable":true,"href":"https:\/\/matulamatula.com\/es\/wp-json\/wp\/v2\/comments?post=47895"}],"version-history":[{"count":25,"href":"https:\/\/matulamatula.com\/es\/wp-json\/wp\/v2\/pages\/47895\/revisions"}],"predecessor-version":[{"id":52984,"href":"https:\/\/matulamatula.com\/es\/wp-json\/wp\/v2\/pages\/47895\/revisions\/52984"}],"wp:attachment":[{"href":"https:\/\/matulamatula.com\/es\/wp-json\/wp\/v2\/media?parent=47895"}],"curies":[{"name":"wp","href":"https:\/\/api.w.org\/{rel}","templated":true}]}}